{"id":123,"date":"2023-05-25T15:25:23","date_gmt":"2023-05-25T18:25:23","guid":{"rendered":"http:\/\/deboramasarin.com\/?page_id=123"},"modified":"2023-05-25T15:30:35","modified_gmt":"2023-05-25T18:30:35","slug":"termos-de-uso","status":"publish","type":"page","link":"https:\/\/deboramasarin.com\/en\/termos-de-uso\/","title":{"rendered":"Termos de uso"},"content":{"rendered":"<div data-elementor-type=\"wp-page\" data-elementor-id=\"123\" class=\"elementor elementor-123\" data-elementor-post-type=\"page\">\n\t\t\t\t\t\t<section class=\"elementor-section elementor-top-section elementor-element elementor-element-42ce134 elementor-section-boxed elementor-section-height-default elementor-section-height-default\" data-id=\"42ce134\" data-element_type=\"section\" data-e-type=\"section\">\n\t\t\t\t\t\t<div class=\"elementor-container elementor-column-gap-default\">\n\t\t\t\t\t<div class=\"elementor-column elementor-col-100 elementor-top-column elementor-element elementor-element-043b1a1\" data-id=\"043b1a1\" data-element_type=\"column\" data-e-type=\"column\">\n\t\t\t<div class=\"elementor-widget-wrap elementor-element-populated\">\n\t\t\t\t\t\t<div class=\"elementor-element elementor-element-464be74 elementor-widget elementor-widget-text-editor\" data-id=\"464be74\" data-element_type=\"widget\" data-e-type=\"widget\" data-widget_type=\"text-editor.default\">\n\t\t\t\t<div class=\"elementor-widget-container\">\n\t\t\t\t\t\t\t\t\t<h3><span style=\"color: inherit; font-family: inherit; font-size: 1.75rem;\">TERMS OF USE \u2014 DEBORA MASARIN<\/span><br><\/h3>\n<p>DEBORA MASARIN, a private law legal entity, describes, through this document, the rules of use of the website https:\/\/go.hotmart.com\/D89494519K?ap=fe6e and any other website, store or application operated by the owner.<\/p>\n<p>By browsing this website, we consider that you agree to the Terms of Use below.<\/p>\n<p>If you do not agree with the terms of this contract, we ask that you no longer use this website, much less register or send your personal data.<\/p>\n<p>If we modify our Terms of Use, we will post the new text on this website with an updated revision date. We may modify this document at any time. If there is a material change to the terms of this agreement, we may notify you using the contact information we have in our database or by sending you a notification.<\/p>\n<p>Your use of this website after the changes have been made means that you have accepted the revised Terms of Use. If, after reading the revised version, you do not agree with its terms, please terminate your access.<\/p>\n<ul>\n<li>\n<h4>Section 1 \u2013 User<\/h4>\n<p>The use of this website automatically attributes the condition of User and implies full acceptance of all the guidelines and conditions included in these Terms.<\/p>\n<\/li>\n<li>\n<h4>Section 2 \u2013 Adherence in conjunction with the Privacy Policy<\/h4>\n<p>The use of this website implies adherence to these Terms of Use and the most updated version of DEBORA MASARIN&#039;s Privacy Policy.<\/p>\n<\/li>\n<li>\n<h4>Section 3 \u2013 Conditions of access<\/h4>\n<p>In general, access to the DEBORA MASARIN website is free of charge and does not require prior registration or subscription.<\/p>\n<p>However, to enjoy some features, the user may need to register, creating a user account with their own login and password for access.<\/p>\n<p>It is the user&#039;s sole responsibility to provide only correct, authentic, valid, complete and updated information, as well as not to disclose their login and password to third parties.<\/p>\n<p>Parts of this website offer the user the option to post comments in certain areas. DEBORA MASARIN does not consent to the publication of content that is discriminatory, offensive or illegal in nature, or that infringes copyright or any other rights of third parties.<\/p>\n<p>The publication of any content by the user of this website, including messages and comments, implies a non-exclusive, irrevocable and irrevocable license for its use, reproduction and publication by DEBORA MASARIN on its website, internet platforms and applications, or on other platforms, without any restriction or limitation.<\/p>\n<\/li>\n<li>\n<h4>Section 4 \u2013 Cookies<\/h4>\n<p>Information about your use of this website may be collected from cookies. Cookies are pieces of information stored directly on the computer you are using. Cookies allow us to collect information such as your browser type, time spent on the website, pages visited, language preferences, and other anonymous traffic data. We and our service providers use information to protect security, facilitate navigation, display information more efficiently, and personalize your experience when using this website, as well as for online tracking. We also collect statistical information about website usage to continually improve our design and functionality, to understand how the website is used, and to assist you in resolving relevant issues.<\/p>\n<p>If you do not wish for your information to be collected through cookies, there is a simple procedure in most browsers that allows you to automatically reject cookies, or to give you the option to accept or reject the transfer of a particular cookie (or cookies) from a particular website to your computer. However, this may make it difficult to use the website.<\/p>\n<p>The settings you choose may affect your browsing experience and the operation that requires the use of cookies. In this sense, we decline any responsibility for the consequences resulting from the limited operation of this website caused by the deactivation of cookies on your device (inability to set or read a cookie).<\/p>\n<\/li>\n<li>\n<h4>Section 5 \u2013 Intellectual Property<\/h4>\n<p>All elements of DEBORA MASARIN are the intellectual property of the same or its licensors. These Terms or the use of the website do not grant you any license or right to use the intellectual property rights of DEBORA MASARIN or third parties.<\/p>\n<\/li>\n<li>\n<h4>Section 6 \u2013 Links to Third Party Sites<\/h4>\n<p>This website may, from time to time, contain hypertext links that will redirect you to the websites of our partners, advertisers, suppliers, etc. If you click on one of these links to any of these websites, please note that each website has its own privacy practices and that we are not responsible for these policies. Please review these policies before submitting any Personal Data to these websites.<\/p>\n<p>We are not responsible for the collection, use, and disclosure policies and practices (including data protection practices) of other organizations, such as Facebook, Apple, Google, Microsoft, or any other software developer or application provider, social media store, operating system, wireless service provider, or device manufacturer, including any Personal Data that you disclose to other organizations through the Applications, in connection with such Applications, or posted on our social media pages. We encourage you to read the privacy policy and terms of use of each website you visit or service provider you use.<\/p>\n<\/li>\n<li>\n<h4>Section 7 \u2013 Deadlines and Amendments<\/h4>\n<p>This website will operate for an indefinite period.<\/p>\n<p>The website as a whole or in each of its sections, may be closed, suspended or interrupted unilaterally by DEBORA MASARIN, at any time and without the need for prior notice.<\/p>\n<\/li>\n<li>\n<h4>Section 8 \u2013 Personal data<\/h4>\n<p>During the use of this website, certain personal data will be collected and processed by DEBORA MASARIN and\/or its Partners. The rules related to the processing of personal data by DEBORA MASARIN are set out in the Privacy Policy.<\/p>\n<\/li>\n<li>\n<h4>Section 9 \u2013 Contact<\/h4>\n<p>If you have any questions about the Terms of Use, please contact us at deboramazarin@icloud.com.<\/p>\n<\/li>\n<\/ul>\t\t\t\t\t\t\t\t<\/div>\n\t\t\t\t<\/div>\n\t\t\t\t\t<\/div>\n\t\t<\/div>\n\t\t\t\t\t<\/div>\n\t\t<\/section>\n\t\t\t\t<\/div>","protected":false},"excerpt":{"rendered":"<p>TERMOS DE USO \u2014 , pessoa jur\u00eddica de direito privado descreve, atrav\u00e9s deste documento, as regras de uso do site&nbsp; e qualquer outro site, loja ou aplicativo operado pelo propriet\u00e1rio. Ao navegar neste website, consideramos que voc\u00ea est\u00e1 de acordo com os Termos de Uso abaixo. Caso voc\u00ea n\u00e3o esteja de acordo com as condi\u00e7\u00f5es [&hellip;]<\/p>","protected":false},"author":1,"featured_media":0,"parent":0,"menu_order":0,"comment_status":"closed","ping_status":"closed","template":"","meta":{"_acf_changed":false,"_joinchat":[],"footnotes":""},"class_list":["post-123","page","type-page","status-publish","hentry"],"acf":[],"yoast_head":"<!-- This site is optimized with the Yoast SEO plugin v23.2 - https:\/\/yoast.com\/wordpress\/plugins\/seo\/ -->\n<title>Termos de uso - Debora Masarin<\/title>\n<meta name=\"robots\" content=\"index, follow, max-snippet:-1, max-image-preview:large, max-video-preview:-1\" \/>\n<link rel=\"canonical\" href=\"https:\/\/deboramasarin.com\/en\/termos-de-uso\/\" \/>\n<meta property=\"og:locale\" content=\"en_US\" \/>\n<meta property=\"og:type\" content=\"article\" \/>\n<meta property=\"og:title\" content=\"Termos de uso - Debora Masarin\" \/>\n<meta property=\"og:description\" content=\"TERMOS DE USO \u2014 , pessoa jur\u00eddica de direito privado descreve, atrav\u00e9s deste documento, as regras de uso do site&nbsp; e qualquer outro site, loja ou aplicativo operado pelo propriet\u00e1rio. Ao navegar neste website, consideramos que voc\u00ea est\u00e1 de acordo com os Termos de Uso abaixo. Caso voc\u00ea n\u00e3o esteja de acordo com as condi\u00e7\u00f5es [&hellip;]\" \/>\n<meta property=\"og:url\" content=\"https:\/\/deboramasarin.com\/en\/termos-de-uso\/\" \/>\n<meta property=\"og:site_name\" content=\"Debora Masarin\" \/>\n<meta property=\"article:modified_time\" content=\"2023-05-25T18:30:35+00:00\" \/>\n<meta name=\"twitter:card\" content=\"summary_large_image\" \/>\n<meta name=\"twitter:label1\" content=\"Est. reading time\" \/>\n\t<meta name=\"twitter:data1\" content=\"6 minutes\" \/>\n<script type=\"application\/ld+json\" class=\"yoast-schema-graph\">{\"@context\":\"https:\/\/schema.org\",\"@graph\":[{\"@type\":\"WebPage\",\"@id\":\"https:\/\/deboramasarin.com\/termos-de-uso\/\",\"url\":\"https:\/\/deboramasarin.com\/termos-de-uso\/\",\"name\":\"Termos de uso - Debora Masarin\",\"isPartOf\":{\"@id\":\"https:\/\/deboramasarin.com\/#website\"},\"datePublished\":\"2023-05-25T18:25:23+00:00\",\"dateModified\":\"2023-05-25T18:30:35+00:00\",\"breadcrumb\":{\"@id\":\"https:\/\/deboramasarin.com\/termos-de-uso\/#breadcrumb\"},\"inLanguage\":\"en-US\",\"potentialAction\":[{\"@type\":\"ReadAction\",\"target\":[\"https:\/\/deboramasarin.com\/termos-de-uso\/\"]}]},{\"@type\":\"BreadcrumbList\",\"@id\":\"https:\/\/deboramasarin.com\/termos-de-uso\/#breadcrumb\",\"itemListElement\":[{\"@type\":\"ListItem\",\"position\":1,\"name\":\"In\u00edcio\",\"item\":\"https:\/\/deboramasarin.com\/\"},{\"@type\":\"ListItem\",\"position\":2,\"name\":\"Termos de uso\"}]},{\"@type\":\"WebSite\",\"@id\":\"https:\/\/deboramasarin.com\/#website\",\"url\":\"https:\/\/deboramasarin.com\/\",\"name\":\"Debora Masarin\",\"description\":\"O Im\u00f3vel ideal para voc\u00ea!\",\"publisher\":{\"@id\":\"https:\/\/deboramasarin.com\/#organization\"},\"potentialAction\":[{\"@type\":\"SearchAction\",\"target\":{\"@type\":\"EntryPoint\",\"urlTemplate\":\"https:\/\/deboramasarin.com\/?s={search_term_string}\"},\"query-input\":\"required name=search_term_string\"}],\"inLanguage\":\"en-US\"},{\"@type\":\"Organization\",\"@id\":\"https:\/\/deboramasarin.com\/#organization\",\"name\":\"Debora Masarin\",\"url\":\"https:\/\/deboramasarin.com\/\",\"logo\":{\"@type\":\"ImageObject\",\"inLanguage\":\"en-US\",\"@id\":\"https:\/\/deboramasarin.com\/#\/schema\/logo\/image\/\",\"url\":\"https:\/\/deboramasarin.com\/wp-content\/uploads\/2023\/05\/bfe1bd5a579a96e6d13c8d6b3630093d.png\",\"contentUrl\":\"https:\/\/deboramasarin.com\/wp-content\/uploads\/2023\/05\/bfe1bd5a579a96e6d13c8d6b3630093d.png\",\"width\":685,\"height\":516,\"caption\":\"Debora Masarin\"},\"image\":{\"@id\":\"https:\/\/deboramasarin.com\/#\/schema\/logo\/image\/\"}}]}<\/script>\n<!-- \/ Yoast SEO plugin. -->","yoast_head_json":{"title":"Termos de uso - Debora Masarin","robots":{"index":"index","follow":"follow","max-snippet":"max-snippet:-1","max-image-preview":"max-image-preview:large","max-video-preview":"max-video-preview:-1"},"canonical":"https:\/\/deboramasarin.com\/en\/termos-de-uso\/","og_locale":"en_US","og_type":"article","og_title":"Termos de uso - Debora Masarin","og_description":"TERMOS DE USO \u2014 , pessoa jur\u00eddica de direito privado descreve, atrav\u00e9s deste documento, as regras de uso do site&nbsp; e qualquer outro site, loja ou aplicativo operado pelo propriet\u00e1rio. Ao navegar neste website, consideramos que voc\u00ea est\u00e1 de acordo com os Termos de Uso abaixo. Caso voc\u00ea n\u00e3o esteja de acordo com as condi\u00e7\u00f5es [&hellip;]","og_url":"https:\/\/deboramasarin.com\/en\/termos-de-uso\/","og_site_name":"Debora Masarin","article_modified_time":"2023-05-25T18:30:35+00:00","twitter_card":"summary_large_image","twitter_misc":{"Est. reading time":"6 minutes"},"schema":{"@context":"https:\/\/schema.org","@graph":[{"@type":"WebPage","@id":"https:\/\/deboramasarin.com\/termos-de-uso\/","url":"https:\/\/deboramasarin.com\/termos-de-uso\/","name":"Termos de uso - Debora Masarin","isPartOf":{"@id":"https:\/\/deboramasarin.com\/#website"},"datePublished":"2023-05-25T18:25:23+00:00","dateModified":"2023-05-25T18:30:35+00:00","breadcrumb":{"@id":"https:\/\/deboramasarin.com\/termos-de-uso\/#breadcrumb"},"inLanguage":"en-US","potentialAction":[{"@type":"ReadAction","target":["https:\/\/deboramasarin.com\/termos-de-uso\/"]}]},{"@type":"BreadcrumbList","@id":"https:\/\/deboramasarin.com\/termos-de-uso\/#breadcrumb","itemListElement":[{"@type":"ListItem","position":1,"name":"In\u00edcio","item":"https:\/\/deboramasarin.com\/"},{"@type":"ListItem","position":2,"name":"Termos de uso"}]},{"@type":"WebSite","@id":"https:\/\/deboramasarin.com\/#website","url":"https:\/\/deboramasarin.com\/","name":"Debora Masarin","description":"O Im\u00f3vel ideal para voc\u00ea!","publisher":{"@id":"https:\/\/deboramasarin.com\/#organization"},"potentialAction":[{"@type":"SearchAction","target":{"@type":"EntryPoint","urlTemplate":"https:\/\/deboramasarin.com\/?s={search_term_string}"},"query-input":"required name=search_term_string"}],"inLanguage":"en-US"},{"@type":"Organization","@id":"https:\/\/deboramasarin.com\/#organization","name":"Debora Masarin","url":"https:\/\/deboramasarin.com\/","logo":{"@type":"ImageObject","inLanguage":"en-US","@id":"https:\/\/deboramasarin.com\/#\/schema\/logo\/image\/","url":"https:\/\/deboramasarin.com\/wp-content\/uploads\/2023\/05\/bfe1bd5a579a96e6d13c8d6b3630093d.png","contentUrl":"https:\/\/deboramasarin.com\/wp-content\/uploads\/2023\/05\/bfe1bd5a579a96e6d13c8d6b3630093d.png","width":685,"height":516,"caption":"Debora Masarin"},"image":{"@id":"https:\/\/deboramasarin.com\/#\/schema\/logo\/image\/"}}]}},"_links":{"self":[{"href":"https:\/\/deboramasarin.com\/en\/wp-json\/wp\/v2\/pages\/123"}],"collection":[{"href":"https:\/\/deboramasarin.com\/en\/wp-json\/wp\/v2\/pages"}],"about":[{"href":"https:\/\/deboramasarin.com\/en\/wp-json\/wp\/v2\/types\/page"}],"author":[{"embeddable":true,"href":"https:\/\/deboramasarin.com\/en\/wp-json\/wp\/v2\/users\/1"}],"replies":[{"embeddable":true,"href":"https:\/\/deboramasarin.com\/en\/wp-json\/wp\/v2\/comments?post=123"}],"version-history":[{"count":4,"href":"https:\/\/deboramasarin.com\/en\/wp-json\/wp\/v2\/pages\/123\/revisions"}],"predecessor-version":[{"id":131,"href":"https:\/\/deboramasarin.com\/en\/wp-json\/wp\/v2\/pages\/123\/revisions\/131"}],"wp:attachment":[{"href":"https:\/\/deboramasarin.com\/en\/wp-json\/wp\/v2\/media?parent=123"}],"curies":[{"name":"wp","href":"https:\/\/api.w.org\/{rel}","templated":true}]}}