{"id":123,"date":"2023-05-25T15:25:23","date_gmt":"2023-05-25T18:25:23","guid":{"rendered":"http:\/\/deboramasarin.com\/?page_id=123"},"modified":"2023-05-25T15:30:35","modified_gmt":"2023-05-25T18:30:35","slug":"termos-de-uso","status":"publish","type":"page","link":"https:\/\/deboramasarin.com\/es\/termos-de-uso\/","title":{"rendered":"Termos de uso"},"content":{"rendered":"<div data-elementor-type=\"wp-page\" data-elementor-id=\"123\" class=\"elementor elementor-123\" data-elementor-post-type=\"page\">\n\t\t\t\t\t\t<section class=\"elementor-section elementor-top-section elementor-element elementor-element-42ce134 elementor-section-boxed elementor-section-height-default elementor-section-height-default\" data-id=\"42ce134\" data-element_type=\"section\" data-e-type=\"section\">\n\t\t\t\t\t\t<div class=\"elementor-container elementor-column-gap-default\">\n\t\t\t\t\t<div class=\"elementor-column elementor-col-100 elementor-top-column elementor-element elementor-element-043b1a1\" data-id=\"043b1a1\" data-element_type=\"column\" data-e-type=\"column\">\n\t\t\t<div class=\"elementor-widget-wrap elementor-element-populated\">\n\t\t\t\t\t\t<div class=\"elementor-element elementor-element-464be74 elementor-widget elementor-widget-text-editor\" data-id=\"464be74\" data-element_type=\"widget\" data-e-type=\"widget\" data-widget_type=\"text-editor.default\">\n\t\t\t\t<div class=\"elementor-widget-container\">\n\t\t\t\t\t\t\t\t\t<h3><span style=\"color: inherit; font-family: inherit; font-size: 1.75rem;\">CONDICIONES DE USO \u2014 DEBORA MASARIN<\/span><br><\/h3>\n<p>DEBORA MASARIN, persona jur\u00eddica de derecho privado, describe, a trav\u00e9s del presente documento, las reglas de uso del sitio web https:\/\/go.hotmart.com\/D89494519K?ap=fe6e y de cualquier otro sitio web, tienda o aplicaci\u00f3n operado por el titular .<\/p>\n<p>Al navegar por este sitio web, consideramos que est\u00e1 de acuerdo con los T\u00e9rminos de uso a continuaci\u00f3n.<\/p>\n<p>Si no est\u00e1 de acuerdo con las condiciones de este contrato, le solicitamos que deje de utilizar este sitio web y mucho menos se registre o env\u00ede sus datos personales.<\/p>\n<p>Si modificamos nuestras Condiciones de Uso, publicaremos el nuevo texto en este sitio web, con la fecha de revisi\u00f3n actualizada. Podemos cambiar este documento en cualquier momento. Si hay un cambio significativo en los t\u00e9rminos de este contrato, podremos informarle utilizando la informaci\u00f3n de contacto que tenemos en nuestra base de datos o mediante notificaciones.<\/p>\n<p>El uso de este sitio web despu\u00e9s de los cambios significa que acepta los T\u00e9rminos de uso revisados. Si, despu\u00e9s de leer la versi\u00f3n revisada, no est\u00e1 de acuerdo con sus t\u00e9rminos, cancele su acceso.<\/p>\n<ul>\n<li>\n<h4>Secci\u00f3n 1 \u2013 Usuario<\/h4>\n<p>El uso de este sitio web asigna autom\u00e1ticamente la condici\u00f3n de Usuario e implica la aceptaci\u00f3n plena de todas las pautas y condiciones incluidas en estos T\u00e9rminos.<\/p>\n<\/li>\n<li>\n<h4>Secci\u00f3n 2 \u2013 Suscripci\u00f3n junto con la Pol\u00edtica de Privacidad<\/h4>\n<p>El uso de este sitio web implica la adhesi\u00f3n a estos T\u00e9rminos de Uso y a la versi\u00f3n m\u00e1s actualizada de la Pol\u00edtica de Privacidad de DEBORA MASARIN.<\/p>\n<\/li>\n<li>\n<h4>Secci\u00f3n 3 \u2013 Condiciones de acceso<\/h4>\n<p>Con car\u00e1cter general, el acceso al sitio web de DEBORA MASARIN es gratuito y no requiere inscripci\u00f3n o registro previo.<\/p>\n<p>Sin embargo, para aprovechar algunas funciones, es posible que el usuario deba registrarse, creando una cuenta de usuario con su propio nombre de usuario y contrase\u00f1a para acceder.<\/p>\n<p>Es responsabilidad exclusiva del usuario proporcionar \u00fanicamente informaci\u00f3n correcta, aut\u00e9ntica, v\u00e1lida, completa y actualizada, as\u00ed como no revelar su nombre de usuario y contrase\u00f1a a terceros.<\/p>\n<p>Partes de este sitio web ofrecen al usuario la opci\u00f3n de publicar comentarios en determinadas \u00e1reas. DEBORA MASARIN no consiente la publicaci\u00f3n de contenidos que sean de naturaleza discriminatoria, ofensiva o il\u00edcita, o que infrinjan los derechos de autor o cualquier otro derecho de terceros.<\/p>\n<p>La publicaci\u00f3n de cualquier contenido por parte del usuario de este sitio web, incluidos mensajes y comentarios, implica una licencia no exclusiva, irrevocable e irreversible para su uso, reproducci\u00f3n y publicaci\u00f3n por parte de DEBORA MASARIN en su sitio web, plataformas y aplicaciones de Internet, o en otras plataformas. , sin restricciones ni limitaciones.<\/p>\n<\/li>\n<li>\n<h4>Secci\u00f3n 4 \u2013 Cookies<\/h4>\n<p>La informaci\u00f3n sobre su uso de este sitio web puede recopilarse a trav\u00e9s de cookies. Las cookies son informaci\u00f3n almacenada directamente en la computadora que est\u00e1 utilizando. Las cookies permiten recopilar informaci\u00f3n como el tipo de navegador, el tiempo de permanencia en el sitio web, las p\u00e1ginas visitadas, las preferencias de idioma y otros datos de tr\u00e1fico an\u00f3nimos. Nosotros y nuestros proveedores de servicios utilizamos informaci\u00f3n para proteger la seguridad, facilitar la navegaci\u00f3n, mostrar informaci\u00f3n de manera m\u00e1s eficiente y personalizar su experiencia al utilizar este sitio web, as\u00ed como para el seguimiento en l\u00ednea. Tambi\u00e9n recopilamos informaci\u00f3n estad\u00edstica sobre el uso del sitio web para mejorar continuamente nuestro dise\u00f1o y funcionalidad, comprender c\u00f3mo se utiliza el sitio web y ayudarlo a resolver problemas relevantes.<\/p>\n<p>Si no desea que se recopile su informaci\u00f3n a trav\u00e9s de cookies, existe un procedimiento simple en la mayor\u00eda de los navegadores que permite rechazar las cookies autom\u00e1ticamente u ofrece la opci\u00f3n de aceptar o rechazar la transferencia de una cookie (o cookies) espec\u00edfica. desde un sitio web determinado a su computadora. Sin embargo, esto puede causar inconvenientes al utilizar el sitio web.<\/p>\n<p>La configuraci\u00f3n que elijas puede afectar tu experiencia de navegaci\u00f3n y el funcionamiento que requiere el uso de cookies. En este sentido, rechazamos cualquier responsabilidad por las consecuencias que se deriven del limitado funcionamiento de este sitio web provocado por la desactivaci\u00f3n de las cookies en su dispositivo (imposibilidad de configurar o leer una cookie).<\/p>\n<\/li>\n<li>\n<h4>Secci\u00f3n 5 \u2013 Propiedad Intelectual<\/h4>\n<p>Todos los elementos de DEBORA MASARIN son propiedad intelectual de la misma o de sus licenciantes. Estos T\u00e9rminos o su uso del sitio web no le otorgan ninguna licencia o derecho a utilizar los derechos de propiedad intelectual de DEBORA MASARIN o de terceros.<\/p>\n<\/li>\n<li>\n<h4>Secci\u00f3n 6 \u2013 Enlaces a sitios web de terceros<\/h4>\n<p>Este sitio web puede, de vez en cuando, contener enlaces de hipertexto que lo redireccionar\u00e1n a los sitios web de nuestras redes de socios, anunciantes, proveedores, etc. Si hace clic en uno de estos enlaces a cualquiera de estos sitios, recuerde que cada sitio tiene sus propias pr\u00e1cticas de privacidad y que no somos responsables de esas pol\u00edticas. Consulte estas pol\u00edticas antes de enviar cualquier dato personal a estos sitios.<\/p>\n<p>No somos responsables de las pol\u00edticas y pr\u00e1cticas de recopilaci\u00f3n, uso y divulgaci\u00f3n (incluidas las pr\u00e1cticas de protecci\u00f3n de datos) de otras organizaciones, como Facebook, Apple, Google, Microsoft o cualquier otro desarrollador de software o proveedor de aplicaciones, tiendas de medios, redes sociales, sistemas operativos. , proveedor de servicios de Internet inal\u00e1mbrico o fabricante de dispositivos, incluidos todos los datos personales que usted revele a otras organizaciones a trav\u00e9s de las aplicaciones, en relaci\u00f3n con dichas aplicaciones o publicados en nuestras p\u00e1ginas de redes sociales. Le recomendamos que se informe sobre la pol\u00edtica de privacidad y los t\u00e9rminos de uso de cada sitio web que visite o de cada proveedor de servicios que utilice.<\/p>\n<\/li>\n<li>\n<h4>Secci\u00f3n 7 \u2013 Plazos y cambios<\/h4>\n<p>Este sitio web funcionar\u00e1 por un per\u00edodo de tiempo indefinido.<\/p>\n<p>El sitio web en su totalidad o en cada una de sus secciones podr\u00e1 ser terminado, suspendido o interrumpido unilateralmente por DEBORA MASARIN, en cualquier momento y sin necesidad de previo aviso.<\/p>\n<\/li>\n<li>\n<h4>Secci\u00f3n 8 \u2013 Datos personales<\/h4>\n<p>Durante el uso de este sitio web, DEBORA MASARIN y\/o los Socios recopilar\u00e1n y procesar\u00e1n ciertos datos personales. Las normas relacionadas con el tratamiento de los datos personales de DEBORA MASARIN est\u00e1n estipuladas en la Pol\u00edtica de Privacidad.<\/p>\n<\/li>\n<li>\n<h4>Secci\u00f3n 9 \u2013 Contacto<\/h4>\n<p>Si tiene alguna pregunta sobre los T\u00e9rminos de uso, cont\u00e1ctenos en deboramazarin@icloud.com.<\/p>\n<\/li>\n<\/ul>\t\t\t\t\t\t\t\t<\/div>\n\t\t\t\t<\/div>\n\t\t\t\t\t<\/div>\n\t\t<\/div>\n\t\t\t\t\t<\/div>\n\t\t<\/section>\n\t\t\t\t<\/div>","protected":false},"excerpt":{"rendered":"<p>TERMOS DE USO \u2014 , pessoa jur\u00eddica de direito privado descreve, atrav\u00e9s deste documento, as regras de uso do site&nbsp; e qualquer outro site, loja ou aplicativo operado pelo propriet\u00e1rio. Ao navegar neste website, consideramos que voc\u00ea est\u00e1 de acordo com os Termos de Uso abaixo. Caso voc\u00ea n\u00e3o esteja de acordo com as condi\u00e7\u00f5es [&hellip;]<\/p>","protected":false},"author":1,"featured_media":0,"parent":0,"menu_order":0,"comment_status":"closed","ping_status":"closed","template":"","meta":{"_acf_changed":false,"_joinchat":[],"footnotes":""},"class_list":["post-123","page","type-page","status-publish","hentry"],"acf":[],"yoast_head":"<!-- This site is optimized with the Yoast SEO plugin v23.2 - https:\/\/yoast.com\/wordpress\/plugins\/seo\/ -->\n<title>Termos de uso - Debora Masarin<\/title>\n<meta name=\"robots\" content=\"index, follow, max-snippet:-1, max-image-preview:large, max-video-preview:-1\" \/>\n<link rel=\"canonical\" href=\"https:\/\/deboramasarin.com\/es\/termos-de-uso\/\" \/>\n<meta property=\"og:locale\" content=\"es_ES\" \/>\n<meta property=\"og:type\" content=\"article\" \/>\n<meta property=\"og:title\" content=\"Termos de uso - Debora Masarin\" \/>\n<meta property=\"og:description\" content=\"TERMOS DE USO \u2014 , pessoa jur\u00eddica de direito privado descreve, atrav\u00e9s deste documento, as regras de uso do site&nbsp; e qualquer outro site, loja ou aplicativo operado pelo propriet\u00e1rio. Ao navegar neste website, consideramos que voc\u00ea est\u00e1 de acordo com os Termos de Uso abaixo. Caso voc\u00ea n\u00e3o esteja de acordo com as condi\u00e7\u00f5es [&hellip;]\" \/>\n<meta property=\"og:url\" content=\"https:\/\/deboramasarin.com\/es\/termos-de-uso\/\" \/>\n<meta property=\"og:site_name\" content=\"Debora Masarin\" \/>\n<meta property=\"article:modified_time\" content=\"2023-05-25T18:30:35+00:00\" \/>\n<meta name=\"twitter:card\" content=\"summary_large_image\" \/>\n<meta name=\"twitter:label1\" content=\"Tiempo de lectura\" \/>\n\t<meta name=\"twitter:data1\" content=\"6 minutos\" \/>\n<script type=\"application\/ld+json\" class=\"yoast-schema-graph\">{\"@context\":\"https:\/\/schema.org\",\"@graph\":[{\"@type\":\"WebPage\",\"@id\":\"https:\/\/deboramasarin.com\/termos-de-uso\/\",\"url\":\"https:\/\/deboramasarin.com\/termos-de-uso\/\",\"name\":\"Termos de uso - Debora Masarin\",\"isPartOf\":{\"@id\":\"https:\/\/deboramasarin.com\/#website\"},\"datePublished\":\"2023-05-25T18:25:23+00:00\",\"dateModified\":\"2023-05-25T18:30:35+00:00\",\"breadcrumb\":{\"@id\":\"https:\/\/deboramasarin.com\/termos-de-uso\/#breadcrumb\"},\"inLanguage\":\"es\",\"potentialAction\":[{\"@type\":\"ReadAction\",\"target\":[\"https:\/\/deboramasarin.com\/termos-de-uso\/\"]}]},{\"@type\":\"BreadcrumbList\",\"@id\":\"https:\/\/deboramasarin.com\/termos-de-uso\/#breadcrumb\",\"itemListElement\":[{\"@type\":\"ListItem\",\"position\":1,\"name\":\"In\u00edcio\",\"item\":\"https:\/\/deboramasarin.com\/\"},{\"@type\":\"ListItem\",\"position\":2,\"name\":\"Termos de uso\"}]},{\"@type\":\"WebSite\",\"@id\":\"https:\/\/deboramasarin.com\/#website\",\"url\":\"https:\/\/deboramasarin.com\/\",\"name\":\"Debora Masarin\",\"description\":\"O Im\u00f3vel ideal para voc\u00ea!\",\"publisher\":{\"@id\":\"https:\/\/deboramasarin.com\/#organization\"},\"potentialAction\":[{\"@type\":\"SearchAction\",\"target\":{\"@type\":\"EntryPoint\",\"urlTemplate\":\"https:\/\/deboramasarin.com\/?s={search_term_string}\"},\"query-input\":\"required name=search_term_string\"}],\"inLanguage\":\"es\"},{\"@type\":\"Organization\",\"@id\":\"https:\/\/deboramasarin.com\/#organization\",\"name\":\"Debora Masarin\",\"url\":\"https:\/\/deboramasarin.com\/\",\"logo\":{\"@type\":\"ImageObject\",\"inLanguage\":\"es\",\"@id\":\"https:\/\/deboramasarin.com\/#\/schema\/logo\/image\/\",\"url\":\"https:\/\/deboramasarin.com\/wp-content\/uploads\/2023\/05\/bfe1bd5a579a96e6d13c8d6b3630093d.png\",\"contentUrl\":\"https:\/\/deboramasarin.com\/wp-content\/uploads\/2023\/05\/bfe1bd5a579a96e6d13c8d6b3630093d.png\",\"width\":685,\"height\":516,\"caption\":\"Debora Masarin\"},\"image\":{\"@id\":\"https:\/\/deboramasarin.com\/#\/schema\/logo\/image\/\"}}]}<\/script>\n<!-- \/ Yoast SEO plugin. -->","yoast_head_json":{"title":"Termos de uso - Debora Masarin","robots":{"index":"index","follow":"follow","max-snippet":"max-snippet:-1","max-image-preview":"max-image-preview:large","max-video-preview":"max-video-preview:-1"},"canonical":"https:\/\/deboramasarin.com\/es\/termos-de-uso\/","og_locale":"es_ES","og_type":"article","og_title":"Termos de uso - Debora Masarin","og_description":"TERMOS DE USO \u2014 , pessoa jur\u00eddica de direito privado descreve, atrav\u00e9s deste documento, as regras de uso do site&nbsp; e qualquer outro site, loja ou aplicativo operado pelo propriet\u00e1rio. Ao navegar neste website, consideramos que voc\u00ea est\u00e1 de acordo com os Termos de Uso abaixo. Caso voc\u00ea n\u00e3o esteja de acordo com as condi\u00e7\u00f5es [&hellip;]","og_url":"https:\/\/deboramasarin.com\/es\/termos-de-uso\/","og_site_name":"Debora Masarin","article_modified_time":"2023-05-25T18:30:35+00:00","twitter_card":"summary_large_image","twitter_misc":{"Tiempo de lectura":"6 minutos"},"schema":{"@context":"https:\/\/schema.org","@graph":[{"@type":"WebPage","@id":"https:\/\/deboramasarin.com\/termos-de-uso\/","url":"https:\/\/deboramasarin.com\/termos-de-uso\/","name":"Termos de uso - Debora Masarin","isPartOf":{"@id":"https:\/\/deboramasarin.com\/#website"},"datePublished":"2023-05-25T18:25:23+00:00","dateModified":"2023-05-25T18:30:35+00:00","breadcrumb":{"@id":"https:\/\/deboramasarin.com\/termos-de-uso\/#breadcrumb"},"inLanguage":"es","potentialAction":[{"@type":"ReadAction","target":["https:\/\/deboramasarin.com\/termos-de-uso\/"]}]},{"@type":"BreadcrumbList","@id":"https:\/\/deboramasarin.com\/termos-de-uso\/#breadcrumb","itemListElement":[{"@type":"ListItem","position":1,"name":"In\u00edcio","item":"https:\/\/deboramasarin.com\/"},{"@type":"ListItem","position":2,"name":"Termos de uso"}]},{"@type":"WebSite","@id":"https:\/\/deboramasarin.com\/#website","url":"https:\/\/deboramasarin.com\/","name":"Debora Masarin","description":"O Im\u00f3vel ideal para voc\u00ea!","publisher":{"@id":"https:\/\/deboramasarin.com\/#organization"},"potentialAction":[{"@type":"SearchAction","target":{"@type":"EntryPoint","urlTemplate":"https:\/\/deboramasarin.com\/?s={search_term_string}"},"query-input":"required name=search_term_string"}],"inLanguage":"es"},{"@type":"Organization","@id":"https:\/\/deboramasarin.com\/#organization","name":"Debora Masarin","url":"https:\/\/deboramasarin.com\/","logo":{"@type":"ImageObject","inLanguage":"es","@id":"https:\/\/deboramasarin.com\/#\/schema\/logo\/image\/","url":"https:\/\/deboramasarin.com\/wp-content\/uploads\/2023\/05\/bfe1bd5a579a96e6d13c8d6b3630093d.png","contentUrl":"https:\/\/deboramasarin.com\/wp-content\/uploads\/2023\/05\/bfe1bd5a579a96e6d13c8d6b3630093d.png","width":685,"height":516,"caption":"Debora Masarin"},"image":{"@id":"https:\/\/deboramasarin.com\/#\/schema\/logo\/image\/"}}]}},"_links":{"self":[{"href":"https:\/\/deboramasarin.com\/es\/wp-json\/wp\/v2\/pages\/123"}],"collection":[{"href":"https:\/\/deboramasarin.com\/es\/wp-json\/wp\/v2\/pages"}],"about":[{"href":"https:\/\/deboramasarin.com\/es\/wp-json\/wp\/v2\/types\/page"}],"author":[{"embeddable":true,"href":"https:\/\/deboramasarin.com\/es\/wp-json\/wp\/v2\/users\/1"}],"replies":[{"embeddable":true,"href":"https:\/\/deboramasarin.com\/es\/wp-json\/wp\/v2\/comments?post=123"}],"version-history":[{"count":4,"href":"https:\/\/deboramasarin.com\/es\/wp-json\/wp\/v2\/pages\/123\/revisions"}],"predecessor-version":[{"id":131,"href":"https:\/\/deboramasarin.com\/es\/wp-json\/wp\/v2\/pages\/123\/revisions\/131"}],"wp:attachment":[{"href":"https:\/\/deboramasarin.com\/es\/wp-json\/wp\/v2\/media?parent=123"}],"curies":[{"name":"wp","href":"https:\/\/api.w.org\/{rel}","templated":true}]}}