{"id":181,"date":"2023-06-30T13:53:13","date_gmt":"2023-06-30T16:53:13","guid":{"rendered":"http:\/\/deboramasarin.com\/?page_id=181"},"modified":"2024-07-30T18:56:43","modified_gmt":"2024-07-30T21:56:43","slug":"contato","status":"publish","type":"page","link":"https:\/\/deboramasarin.com\/es\/contato\/","title":{"rendered":"Contacto"},"content":{"rendered":"<div data-elementor-type=\"wp-page\" data-elementor-id=\"181\" class=\"elementor elementor-181\" data-elementor-post-type=\"page\">\n\t\t\t\t<div class=\"elementor-element elementor-element-5755461 e-flex e-con-boxed e-con e-parent\" data-id=\"5755461\" data-element_type=\"container\" data-e-type=\"container\">\n\t\t\t\t\t<div class=\"e-con-inner\">\n\t\t\t\t<div class=\"elementor-element elementor-element-0486eed elementor-widget elementor-widget-heading\" data-id=\"0486eed\" data-element_type=\"widget\" data-e-type=\"widget\" data-widget_type=\"heading.default\">\n\t\t\t\t<div class=\"elementor-widget-container\">\n\t\t\t\t\t<p class=\"elementor-heading-title elementor-size-default\">Contacto<\/p>\t\t\t\t<\/div>\n\t\t\t\t<\/div>\n\t\t\t\t<div class=\"elementor-element elementor-element-17c7188 elementor-widget elementor-widget-heading\" data-id=\"17c7188\" data-element_type=\"widget\" data-e-type=\"widget\" data-widget_type=\"heading.default\">\n\t\t\t\t<div class=\"elementor-widget-container\">\n\t\t\t\t\t<h2 class=\"elementor-heading-title elementor-size-default\">Comienza tu viaje con nosotros<\/h2>\t\t\t\t<\/div>\n\t\t\t\t<\/div>\n\t\t\t\t<div class=\"elementor-element elementor-element-616912e elementor-widget elementor-widget-heading\" data-id=\"616912e\" data-element_type=\"widget\" data-e-type=\"widget\" data-widget_type=\"heading.default\">\n\t\t\t\t<div class=\"elementor-widget-container\">\n\t\t\t\t\t<p class=\"elementor-heading-title elementor-size-default\">Le invitamos a contactarnos y descubrir c\u00f3mo podemos ayudarlo a encontrar la propiedad de sus sue\u00f1os en Italia.<\/p>\t\t\t\t<\/div>\n\t\t\t\t<\/div>\n\t\t\t\t\t<\/div>\n\t\t\t\t<\/div>\n\t\t<div class=\"elementor-element elementor-element-8c653b0 e-flex e-con-boxed e-con e-parent\" data-id=\"8c653b0\" data-element_type=\"container\" data-e-type=\"container\" data-settings=\"{&quot;background_background&quot;:&quot;classic&quot;}\">\n\t\t\t\t\t<div class=\"e-con-inner\">\n\t\t<div class=\"elementor-element elementor-element-4029762 e-con-full e-flex e-con e-child\" data-id=\"4029762\" data-element_type=\"container\" data-e-type=\"container\">\n\t\t<div class=\"elementor-element elementor-element-e937724 e-con-full e-flex e-con e-child\" data-id=\"e937724\" data-element_type=\"container\" data-e-type=\"container\" data-settings=\"{&quot;background_background&quot;:&quot;classic&quot;}\">\n\t\t\t\t<div class=\"elementor-element elementor-element-1ebb356 elementor-position-inline-start elementor-mobile-position-inline-start elementor-view-default elementor-widget elementor-widget-icon-box\" data-id=\"1ebb356\" data-element_type=\"widget\" data-e-type=\"widget\" data-widget_type=\"icon-box.default\">\n\t\t\t\t<div class=\"elementor-widget-container\">\n\t\t\t\t\t\t\t<div class=\"elementor-icon-box-wrapper\">\n\n\t\t\t\t\t\t<div class=\"elementor-icon-box-icon\">\n\t\t\t\t<a href=\"https:\/\/api.whatsapp.com\/send?phone=390121209753\" class=\"elementor-icon elementor-animation-grow\" tabindex=\"-1\" aria-label=\"+39 0121 209753\">\n\t\t\t\t<svg xmlns=\"http:\/\/www.w3.org\/2000\/svg\" width=\"46\" height=\"45\" viewbox=\"0 0 46 45\" fill=\"none\"><g id=\"ic:baseline-whatsapp\"><path id=\"Vector\" d=\"M36.072 9.10374C34.3721 7.38665 32.3473 6.02521 30.1157 5.09884C27.8842 4.17247 25.4905 3.6997 23.0743 3.70812C12.9505 3.70812 4.69948 11.9592 4.69948 22.0829C4.69948 25.3277 5.5524 28.4798 7.14698 31.261L4.55115 40.7915L14.2855 38.2327C16.9741 39.6975 19.9964 40.4762 23.0743 40.4762C33.198 40.4762 41.4491 32.2252 41.4491 22.1014C41.4491 17.1879 39.5393 12.571 36.072 9.10374ZM23.0743 37.3612C20.3301 37.3612 17.6416 36.6196 15.2868 35.229L14.7305 34.8952L8.94552 36.4156L10.4845 30.779L10.1136 30.2042C8.58905 27.7696 7.77951 24.9555 7.7774 22.0829C7.7774 13.665 14.6378 6.80458 23.0557 6.80458C27.1349 6.80458 30.973 8.39916 33.847 11.2917C35.27 12.7082 36.3978 14.3931 37.1648 16.2486C37.9319 18.1042 38.323 20.0936 38.3155 22.1014C38.3526 30.5194 31.4922 37.3612 23.0743 37.3612ZM31.4551 25.9396C30.9916 25.7171 28.7295 24.6046 28.3216 24.4377C27.8951 24.2894 27.5984 24.2152 27.2832 24.6602C26.968 25.1237 26.0966 26.1621 25.837 26.4587C25.5774 26.774 25.2993 26.811 24.8357 26.57C24.3722 26.3475 22.8889 25.8469 21.1459 24.2894C19.7739 23.0656 18.8653 21.5637 18.5872 21.1002C18.3276 20.6367 18.5501 20.3956 18.7911 20.1546C18.9951 19.9506 19.2547 19.6169 19.4772 19.3573C19.6997 19.0977 19.7924 18.8937 19.9407 18.5971C20.0891 18.2819 20.0149 18.0223 19.9036 17.7998C19.7924 17.5773 18.8653 15.3152 18.4945 14.3881C18.1236 13.4981 17.7343 13.6094 17.4561 13.5908H16.5661C16.2509 13.5908 15.7689 13.7021 15.3424 14.1656C14.9345 14.6292 13.7478 15.7417 13.7478 18.0037C13.7478 20.2658 15.398 22.4537 15.6205 22.7504C15.843 23.0656 18.8653 27.701 23.4636 29.685C24.5576 30.1671 25.4105 30.4452 26.078 30.6492C27.172 31.0015 28.1732 30.9458 28.9705 30.8346C29.8605 30.7048 31.6961 29.7221 32.067 28.6467C32.4564 27.5712 32.4564 26.6627 32.3266 26.4587C32.1968 26.2548 31.9186 26.1621 31.4551 25.9396Z\" fill=\"#B0A18D\"><\/path><\/g><\/svg>\t\t\t\t<\/a>\n\t\t\t<\/div>\n\t\t\t\n\t\t\t\t\t\t<div class=\"elementor-icon-box-content\">\n\n\t\t\t\t\t\t\t\t\t<p class=\"elementor-icon-box-title\">\n\t\t\t\t\t\t<a href=\"https:\/\/api.whatsapp.com\/send?phone=390121209753\" >\n\t\t\t\t\t\t\t+39 0121 209753\t\t\t\t\t\t<\/a>\n\t\t\t\t\t<\/p>\n\t\t\t\t\n\t\t\t\t\n\t\t\t<\/div>\n\t\t\t\n\t\t<\/div>\n\t\t\t\t\t\t<\/div>\n\t\t\t\t<\/div>\n\t\t\t\t<\/div>\n\t\t<div class=\"elementor-element elementor-element-21025fa e-con-full e-flex e-con e-child\" data-id=\"21025fa\" data-element_type=\"container\" data-e-type=\"container\" data-settings=\"{&quot;background_background&quot;:&quot;classic&quot;}\">\n\t\t\t\t<div class=\"elementor-element elementor-element-e4327db elementor-position-inline-start elementor-mobile-position-inline-start elementor-view-default elementor-widget elementor-widget-icon-box\" data-id=\"e4327db\" data-element_type=\"widget\" data-e-type=\"widget\" data-widget_type=\"icon-box.default\">\n\t\t\t\t<div class=\"elementor-widget-container\">\n\t\t\t\t\t\t\t<div class=\"elementor-icon-box-wrapper\">\n\n\t\t\t\t\t\t<div class=\"elementor-icon-box-icon\">\n\t\t\t\t<a href=\"https:\/\/api.whatsapp.com\/send?phone=390121209753\" class=\"elementor-icon elementor-animation-grow\" tabindex=\"-1\" aria-label=\"+39 0121 209753\">\n\t\t\t\t<svg xmlns=\"http:\/\/www.w3.org\/2000\/svg\" width=\"46\" height=\"45\" viewbox=\"0 0 46 45\" fill=\"none\"><g id=\"material-symbols:call-outline\"><path id=\"Vector\" d=\"M37.7406 38.9375C33.8778 38.9375 30.0613 38.0957 26.2911 36.4121C22.521 34.7285 19.0908 32.341 16.0005 29.2495C12.9102 26.158 10.5233 22.7278 8.83973 18.9589C7.15615 15.19 6.31374 11.3735 6.3125 7.50938C6.3125 6.95313 6.49792 6.48958 6.86875 6.11875C7.23958 5.74792 7.70313 5.5625 8.25938 5.5625H15.7688C16.2014 5.5625 16.5877 5.7096 16.9276 6.00379C17.2675 6.29799 17.4684 6.64533 17.5302 7.04583L18.7354 13.5354C18.7972 14.0299 18.7818 14.447 18.6891 14.787C18.5964 15.1269 18.4264 15.4205 18.1792 15.6677L13.6828 20.2104C14.3009 21.3538 15.0345 22.4583 15.8837 23.5238C16.7329 24.5893 17.668 25.6172 18.6891 26.6073C19.647 27.5653 20.6514 28.454 21.7021 29.2736C22.7528 30.0931 23.8653 30.8422 25.0396 31.5208L29.3969 27.1635C29.675 26.8854 30.0384 26.6771 30.4871 26.5387C30.9358 26.4002 31.3759 26.3613 31.8073 26.4219L38.2042 27.7198C38.6368 27.8434 38.9922 28.0678 39.2703 28.3929C39.5484 28.718 39.6875 29.0807 39.6875 29.4812V36.9906C39.6875 37.5469 39.5021 38.0104 39.1313 38.3813C38.7604 38.7521 38.2969 38.9375 37.7406 38.9375ZM11.9214 16.6875L14.9807 13.6281L14.1927 9.27083H10.0672C10.2217 10.5378 10.438 11.7894 10.7161 13.0255C10.9943 14.2616 11.396 15.4823 11.9214 16.6875ZM28.5161 33.2823C29.7214 33.8076 30.95 34.2248 32.2022 34.5339C33.4544 34.8429 34.7134 35.0438 35.9792 35.1365V31.0573L31.6219 30.1766L28.5161 33.2823Z\" fill=\"#B0A18D\"><\/path><\/g><\/svg>\t\t\t\t<\/a>\n\t\t\t<\/div>\n\t\t\t\n\t\t\t\t\t\t<div class=\"elementor-icon-box-content\">\n\n\t\t\t\t\t\t\t\t\t<p class=\"elementor-icon-box-title\">\n\t\t\t\t\t\t<a href=\"https:\/\/api.whatsapp.com\/send?phone=390121209753\" >\n\t\t\t\t\t\t\t+39 0121 209753\t\t\t\t\t\t<\/a>\n\t\t\t\t\t<\/p>\n\t\t\t\t\n\t\t\t\t\n\t\t\t<\/div>\n\t\t\t\n\t\t<\/div>\n\t\t\t\t\t\t<\/div>\n\t\t\t\t<\/div>\n\t\t\t\t<\/div>\n\t\t<div class=\"elementor-element elementor-element-d3458a2 e-con-full e-flex e-con e-child\" data-id=\"d3458a2\" data-element_type=\"container\" data-e-type=\"container\" data-settings=\"{&quot;background_background&quot;:&quot;classic&quot;}\">\n\t\t\t\t<div class=\"elementor-element elementor-element-1fb25a5 elementor-position-inline-start elementor-mobile-position-inline-start elementor-view-default elementor-widget elementor-widget-icon-box\" data-id=\"1fb25a5\" data-element_type=\"widget\" data-e-type=\"widget\" data-widget_type=\"icon-box.default\">\n\t\t\t\t<div class=\"elementor-widget-container\">\n\t\t\t\t\t\t\t<div class=\"elementor-icon-box-wrapper\">\n\n\t\t\t\t\t\t<div class=\"elementor-icon-box-icon\">\n\t\t\t\t<a href=\"mailto:deboramazarin@icloud.com\" class=\"elementor-icon elementor-animation-grow\" tabindex=\"-1\" aria-label=\"deboramazarin@icloud.com\">\n\t\t\t\t<svg xmlns=\"http:\/\/www.w3.org\/2000\/svg\" width=\"45\" height=\"45\" viewbox=\"0 0 45 45\" fill=\"none\"><g id=\"ic:outline-email\"><path id=\"Vector\" d=\"M41.0416 11.1253C41.0416 9.08574 39.3728 7.41699 37.3333 7.41699H7.66659C5.627 7.41699 3.95825 9.08574 3.95825 11.1253V33.3753C3.95825 35.4149 5.627 37.0837 7.66659 37.0837H37.3333C39.3728 37.0837 41.0416 35.4149 41.0416 33.3753V11.1253ZM37.3333 11.1253L22.4999 20.3962L7.66659 11.1253H37.3333ZM37.3333 33.3753H7.66659V14.8337L22.4999 24.1045L37.3333 14.8337V33.3753Z\" fill=\"#B0A18D\"><\/path><\/g><\/svg>\t\t\t\t<\/a>\n\t\t\t<\/div>\n\t\t\t\n\t\t\t\t\t\t<div class=\"elementor-icon-box-content\">\n\n\t\t\t\t\t\t\t\t\t<p class=\"elementor-icon-box-title\">\n\t\t\t\t\t\t<a href=\"mailto:deboramazarin@icloud.com\" >\n\t\t\t\t\t\t\tdeboramazarin@icloud.com\t\t\t\t\t\t<\/a>\n\t\t\t\t\t<\/p>\n\t\t\t\t\n\t\t\t\t\n\t\t\t<\/div>\n\t\t\t\n\t\t<\/div>\n\t\t\t\t\t\t<\/div>\n\t\t\t\t<\/div>\n\t\t\t\t<\/div>\n\t\t\t\t<\/div>\n\t\t\t\t<div class=\"elementor-element elementor-element-2ae741c elementor-widget__width-initial elementor-widget elementor-widget-heading\" data-id=\"2ae741c\" data-element_type=\"widget\" data-e-type=\"widget\" data-widget_type=\"heading.default\">\n\t\t\t\t<div class=\"elementor-widget-container\">\n\t\t\t\t\t<h2 class=\"elementor-heading-title elementor-size-default\">Ponte en contacto para saber m\u00e1s<\/h2>\t\t\t\t<\/div>\n\t\t\t\t<\/div>\n\t\t\t\t<div class=\"elementor-element elementor-element-c134e7e elementor-widget__width-initial elementor-button-align-stretch elementor-widget elementor-widget-form\" data-id=\"c134e7e\" data-element_type=\"widget\" data-e-type=\"widget\" data-settings=\"{&quot;step_next_label&quot;:&quot;Pr\\u00f3ximo&quot;,&quot;step_previous_label&quot;:&quot;Anterior&quot;,&quot;step_type&quot;:&quot;number_text&quot;,&quot;step_icon_shape&quot;:&quot;circle&quot;}\" data-widget_type=\"form.default\">\n\t\t\t\t<div class=\"elementor-widget-container\">\n\t\t\t\t\t\t\t<form class=\"elementor-form\" method=\"post\" name=\"Contato\" action=\"\">\n\t\t\t<input type=\"hidden\" name=\"post_id\" value=\"181\"\/>\n\t\t\t<input type=\"hidden\" name=\"form_id\" value=\"c134e7e\"\/>\n\t\t\t<input type=\"hidden\" name=\"referer_title\" value=\"Debora Masarin\" \/>\n\n\t\t\t\n\t\t\t<div class=\"elementor-form-fields-wrapper elementor-labels-\">\n\t\t\t\t\t\t\t\t<div class=\"elementor-field-type-text elementor-field-group elementor-column elementor-field-group-name elementor-col-100 elementor-field-required\">\n\t\t\t\t\t\t\t\t\t\t\t\t<label for=\"form-field-name\" class=\"elementor-field-label elementor-screen-only\">\n\t\t\t\t\t\t\t\tNombre\t\t\t\t\t\t\t<\/label>\n\t\t\t\t\t\t\t\t\t\t\t\t\t\t<input size=\"1\" type=\"text\" name=\"form_fields[name]\" id=\"form-field-name\" class=\"elementor-field elementor-size-lg  elementor-field-textual\" placeholder=\"Nombre\" required=\"required\" aria-required=\"true\">\n\t\t\t\t\t\t\t\t\t\t\t<\/div>\n\t\t\t\t\t\t\t\t<div class=\"elementor-field-type-email elementor-field-group elementor-column elementor-field-group-email elementor-col-100 elementor-field-required\">\n\t\t\t\t\t\t\t\t\t\t\t\t<label for=\"form-field-email\" class=\"elementor-field-label elementor-screen-only\">\n\t\t\t\t\t\t\t\tCorreo electr\u00f3nico\t\t\t\t\t\t\t<\/label>\n\t\t\t\t\t\t\t\t\t\t\t\t\t\t<input size=\"1\" type=\"email\" name=\"form_fields[email]\" id=\"form-field-email\" class=\"elementor-field elementor-size-lg  elementor-field-textual\" placeholder=\"Correo electr\u00f3nico\" required=\"required\" aria-required=\"true\">\n\t\t\t\t\t\t\t\t\t\t\t<\/div>\n\t\t\t\t\t\t\t\t<div class=\"elementor-field-type-text elementor-field-group elementor-column elementor-field-group-Telefone elementor-col-100 elementor-field-required\">\n\t\t\t\t\t\t\t\t\t\t\t\t<label for=\"form-field-Telefone\" class=\"elementor-field-label elementor-screen-only\">\n\t\t\t\t\t\t\t\tTel\u00e9fono\t\t\t\t\t\t\t<\/label>\n\t\t\t\t\t\t\t\t\t\t\t\t\t\t<input size=\"1\" type=\"text\" name=\"form_fields[Telefone]\" id=\"form-field-Telefone\" class=\"elementor-field elementor-size-lg  fme-mask-input mask_control_@ev-tel-ddd9 money_mask_format_@ mask_prefix_@ mask_decimal_places_@ mask_time_mask_format_@ fme_phone_format_@ credit_card_options_@ mask_auto_placeholder_@ fme_brazilian_formats_@ elementor-field-textual\" placeholder=\"Tel\u00e9fono\" required=\"required\" aria-required=\"true\" data-mask=\"ev-tel-ddd9\">\n\t\t\t\t\t\t\t\t\t\t\t<\/div>\n\t\t\t\t\t\t\t\t<div class=\"elementor-field-type-textarea elementor-field-group elementor-column elementor-field-group-message elementor-col-100\">\n\t\t\t\t\t\t\t\t\t\t\t\t<label for=\"form-field-message\" class=\"elementor-field-label elementor-screen-only\">\n\t\t\t\t\t\t\t\tMensaje\t\t\t\t\t\t\t<\/label>\n\t\t\t\t\t\t<textarea class=\"elementor-field-textual elementor-field  elementor-size-lg\" name=\"form_fields[message]\" id=\"form-field-message\" rows=\"6\" placeholder=\"Mensaje\"><\/textarea>\t\t\t\t<\/div>\n\t\t\t\t\t\t\t\t<div class=\"elementor-field-group elementor-column elementor-field-type-submit elementor-col-100 e-form__buttons\">\n\t\t\t\t\t<button class=\"elementor-button elementor-size-lg\" type=\"submit\">\n\t\t\t\t\t\t<span class=\"elementor-button-content-wrapper\">\n\t\t\t\t\t\t\t\t\t\t\t\t\t\t\t\t\t\t\t\t\t\t<span class=\"elementor-button-text\">para enviar<\/span>\n\t\t\t\t\t\t\t\t\t\t\t\t\t<\/span>\n\t\t\t\t\t<\/button>\n\t\t\t\t<\/div>\n\t\t\t<\/div>\n\t\t<input type=\"hidden\" name=\"trp-form-language\" value=\"es\"\/><\/form>\n\t\t\t\t\t\t<\/div>\n\t\t\t\t<\/div>\n\t\t\t\t\t<\/div>\n\t\t\t\t<\/div>\n\t\t\t\t<\/div>","protected":false},"excerpt":{"rendered":"<p>Contato Inicie sua jornada conosco Convidamos voc\u00ea a entrar em contato conosco e descobrir como podemos ajud\u00e1-lo a encontrar o im\u00f3vel dos seus sonhos na It\u00e1lia. Entre em contato para Descobrir mais<\/p>","protected":false},"author":1,"featured_media":0,"parent":0,"menu_order":0,"comment_status":"closed","ping_status":"closed","template":"","meta":{"_acf_changed":false,"_joinchat":[],"footnotes":""},"class_list":["post-181","page","type-page","status-publish","hentry"],"acf":[],"yoast_head":"<!-- This site is optimized with the Yoast SEO plugin v23.2 - https:\/\/yoast.com\/wordpress\/plugins\/seo\/ -->\n<title>Contato - Debora Masarin<\/title>\n<meta name=\"robots\" content=\"index, follow, max-snippet:-1, max-image-preview:large, max-video-preview:-1\" \/>\n<link rel=\"canonical\" href=\"https:\/\/deboramasarin.com\/es\/contato\/\" \/>\n<meta property=\"og:locale\" content=\"es_ES\" \/>\n<meta property=\"og:type\" content=\"article\" \/>\n<meta property=\"og:title\" content=\"Contato - Debora Masarin\" \/>\n<meta property=\"og:description\" content=\"Contato Inicie sua jornada conosco Convidamos voc\u00ea a entrar em contato conosco e descobrir como podemos ajud\u00e1-lo a encontrar o im\u00f3vel dos seus sonhos na It\u00e1lia. Entre em contato para Descobrir mais\" \/>\n<meta property=\"og:url\" content=\"https:\/\/deboramasarin.com\/es\/contato\/\" \/>\n<meta property=\"og:site_name\" content=\"Debora Masarin\" \/>\n<meta property=\"article:modified_time\" content=\"2024-07-30T21:56:43+00:00\" \/>\n<meta name=\"twitter:card\" content=\"summary_large_image\" \/>\n<script type=\"application\/ld+json\" class=\"yoast-schema-graph\">{\"@context\":\"https:\/\/schema.org\",\"@graph\":[{\"@type\":\"WebPage\",\"@id\":\"https:\/\/deboramasarin.com\/contato\/\",\"url\":\"https:\/\/deboramasarin.com\/contato\/\",\"name\":\"Contato - Debora Masarin\",\"isPartOf\":{\"@id\":\"https:\/\/deboramasarin.com\/#website\"},\"datePublished\":\"2023-06-30T16:53:13+00:00\",\"dateModified\":\"2024-07-30T21:56:43+00:00\",\"breadcrumb\":{\"@id\":\"https:\/\/deboramasarin.com\/contato\/#breadcrumb\"},\"inLanguage\":\"es\",\"potentialAction\":[{\"@type\":\"ReadAction\",\"target\":[\"https:\/\/deboramasarin.com\/contato\/\"]}]},{\"@type\":\"BreadcrumbList\",\"@id\":\"https:\/\/deboramasarin.com\/contato\/#breadcrumb\",\"itemListElement\":[{\"@type\":\"ListItem\",\"position\":1,\"name\":\"In\u00edcio\",\"item\":\"https:\/\/deboramasarin.com\/\"},{\"@type\":\"ListItem\",\"position\":2,\"name\":\"Contato\"}]},{\"@type\":\"WebSite\",\"@id\":\"https:\/\/deboramasarin.com\/#website\",\"url\":\"https:\/\/deboramasarin.com\/\",\"name\":\"Debora Masarin\",\"description\":\"O Im\u00f3vel ideal para voc\u00ea!\",\"publisher\":{\"@id\":\"https:\/\/deboramasarin.com\/#organization\"},\"potentialAction\":[{\"@type\":\"SearchAction\",\"target\":{\"@type\":\"EntryPoint\",\"urlTemplate\":\"https:\/\/deboramasarin.com\/?s={search_term_string}\"},\"query-input\":\"required name=search_term_string\"}],\"inLanguage\":\"es\"},{\"@type\":\"Organization\",\"@id\":\"https:\/\/deboramasarin.com\/#organization\",\"name\":\"Debora Masarin\",\"url\":\"https:\/\/deboramasarin.com\/\",\"logo\":{\"@type\":\"ImageObject\",\"inLanguage\":\"es\",\"@id\":\"https:\/\/deboramasarin.com\/#\/schema\/logo\/image\/\",\"url\":\"https:\/\/deboramasarin.com\/wp-content\/uploads\/2023\/05\/bfe1bd5a579a96e6d13c8d6b3630093d.png\",\"contentUrl\":\"https:\/\/deboramasarin.com\/wp-content\/uploads\/2023\/05\/bfe1bd5a579a96e6d13c8d6b3630093d.png\",\"width\":685,\"height\":516,\"caption\":\"Debora Masarin\"},\"image\":{\"@id\":\"https:\/\/deboramasarin.com\/#\/schema\/logo\/image\/\"}}]}<\/script>\n<!-- \/ Yoast SEO plugin. -->","yoast_head_json":{"title":"Contato - Debora Masarin","robots":{"index":"index","follow":"follow","max-snippet":"max-snippet:-1","max-image-preview":"max-image-preview:large","max-video-preview":"max-video-preview:-1"},"canonical":"https:\/\/deboramasarin.com\/es\/contato\/","og_locale":"es_ES","og_type":"article","og_title":"Contato - Debora Masarin","og_description":"Contato Inicie sua jornada conosco Convidamos voc\u00ea a entrar em contato conosco e descobrir como podemos ajud\u00e1-lo a encontrar o im\u00f3vel dos seus sonhos na It\u00e1lia. Entre em contato para Descobrir mais","og_url":"https:\/\/deboramasarin.com\/es\/contato\/","og_site_name":"Debora Masarin","article_modified_time":"2024-07-30T21:56:43+00:00","twitter_card":"summary_large_image","schema":{"@context":"https:\/\/schema.org","@graph":[{"@type":"WebPage","@id":"https:\/\/deboramasarin.com\/contato\/","url":"https:\/\/deboramasarin.com\/contato\/","name":"Contato - Debora Masarin","isPartOf":{"@id":"https:\/\/deboramasarin.com\/#website"},"datePublished":"2023-06-30T16:53:13+00:00","dateModified":"2024-07-30T21:56:43+00:00","breadcrumb":{"@id":"https:\/\/deboramasarin.com\/contato\/#breadcrumb"},"inLanguage":"es","potentialAction":[{"@type":"ReadAction","target":["https:\/\/deboramasarin.com\/contato\/"]}]},{"@type":"BreadcrumbList","@id":"https:\/\/deboramasarin.com\/contato\/#breadcrumb","itemListElement":[{"@type":"ListItem","position":1,"name":"In\u00edcio","item":"https:\/\/deboramasarin.com\/"},{"@type":"ListItem","position":2,"name":"Contato"}]},{"@type":"WebSite","@id":"https:\/\/deboramasarin.com\/#website","url":"https:\/\/deboramasarin.com\/","name":"Debora Masarin","description":"O Im\u00f3vel ideal para voc\u00ea!","publisher":{"@id":"https:\/\/deboramasarin.com\/#organization"},"potentialAction":[{"@type":"SearchAction","target":{"@type":"EntryPoint","urlTemplate":"https:\/\/deboramasarin.com\/?s={search_term_string}"},"query-input":"required name=search_term_string"}],"inLanguage":"es"},{"@type":"Organization","@id":"https:\/\/deboramasarin.com\/#organization","name":"Debora Masarin","url":"https:\/\/deboramasarin.com\/","logo":{"@type":"ImageObject","inLanguage":"es","@id":"https:\/\/deboramasarin.com\/#\/schema\/logo\/image\/","url":"https:\/\/deboramasarin.com\/wp-content\/uploads\/2023\/05\/bfe1bd5a579a96e6d13c8d6b3630093d.png","contentUrl":"https:\/\/deboramasarin.com\/wp-content\/uploads\/2023\/05\/bfe1bd5a579a96e6d13c8d6b3630093d.png","width":685,"height":516,"caption":"Debora Masarin"},"image":{"@id":"https:\/\/deboramasarin.com\/#\/schema\/logo\/image\/"}}]}},"_links":{"self":[{"href":"https:\/\/deboramasarin.com\/es\/wp-json\/wp\/v2\/pages\/181"}],"collection":[{"href":"https:\/\/deboramasarin.com\/es\/wp-json\/wp\/v2\/pages"}],"about":[{"href":"https:\/\/deboramasarin.com\/es\/wp-json\/wp\/v2\/types\/page"}],"author":[{"embeddable":true,"href":"https:\/\/deboramasarin.com\/es\/wp-json\/wp\/v2\/users\/1"}],"replies":[{"embeddable":true,"href":"https:\/\/deboramasarin.com\/es\/wp-json\/wp\/v2\/comments?post=181"}],"version-history":[{"count":16,"href":"https:\/\/deboramasarin.com\/es\/wp-json\/wp\/v2\/pages\/181\/revisions"}],"predecessor-version":[{"id":749,"href":"https:\/\/deboramasarin.com\/es\/wp-json\/wp\/v2\/pages\/181\/revisions\/749"}],"wp:attachment":[{"href":"https:\/\/deboramasarin.com\/es\/wp-json\/wp\/v2\/media?parent=181"}],"curies":[{"name":"wp","href":"https:\/\/api.w.org\/{rel}","templated":true}]}}