{"id":584,"date":"2024-07-30T16:46:03","date_gmt":"2024-07-30T19:46:03","guid":{"rendered":"http:\/\/deboramasarin.com\/?page_id=584"},"modified":"2024-07-30T18:56:59","modified_gmt":"2024-07-30T21:56:59","slug":"depoimentos","status":"publish","type":"page","link":"https:\/\/deboramasarin.com\/es\/depoimentos\/","title":{"rendered":"Testimonios"},"content":{"rendered":"<div data-elementor-type=\"wp-page\" data-elementor-id=\"584\" class=\"elementor elementor-584\" data-elementor-post-type=\"page\">\n\t\t\t\t<div class=\"elementor-element elementor-element-747e64d e-flex e-con-boxed e-con e-parent\" data-id=\"747e64d\" data-element_type=\"container\" data-e-type=\"container\">\n\t\t\t\t\t<div class=\"e-con-inner\">\n\t\t\t\t<div class=\"elementor-element elementor-element-3459582 elementor-widget elementor-widget-heading\" data-id=\"3459582\" data-element_type=\"widget\" data-e-type=\"widget\" data-widget_type=\"heading.default\">\n\t\t\t\t<div class=\"elementor-widget-container\">\n\t\t\t\t\t<p class=\"elementor-heading-title elementor-size-default\">Testimonios<\/p>\t\t\t\t<\/div>\n\t\t\t\t<\/div>\n\t\t\t\t<div class=\"elementor-element elementor-element-207d8ac elementor-widget elementor-widget-heading\" data-id=\"207d8ac\" data-element_type=\"widget\" data-e-type=\"widget\" data-widget_type=\"heading.default\">\n\t\t\t\t<div class=\"elementor-widget-container\">\n\t\t\t\t\t<h2 class=\"elementor-heading-title elementor-size-default\">Lo que nuestros clientes dicen de nosotros<\/h2>\t\t\t\t<\/div>\n\t\t\t\t<\/div>\n\t\t\t\t<div class=\"elementor-element elementor-element-3d6a5e5 elementor-widget elementor-widget-heading\" data-id=\"3d6a5e5\" data-element_type=\"widget\" data-e-type=\"widget\" data-widget_type=\"heading.default\">\n\t\t\t\t<div class=\"elementor-widget-container\">\n\t\t\t\t\t<p class=\"elementor-heading-title elementor-size-default\">Cada testimonio es una historia de \u00e9xito y satisfacci\u00f3n. Vea c\u00f3mo ayudamos a nuestros clientes a convertir sus sue\u00f1os en realidad.<\/p>\t\t\t\t<\/div>\n\t\t\t\t<\/div>\n\t\t\t\t\t<\/div>\n\t\t\t\t<\/div>\n\t\t<div class=\"elementor-element elementor-element-9f64458 e-flex e-con-boxed e-con e-parent\" data-id=\"9f64458\" data-element_type=\"container\" data-e-type=\"container\">\n\t\t\t\t\t<div class=\"e-con-inner\">\n\t\t\t\t<div class=\"elementor-element elementor-element-06fe33f elementor-widget elementor-widget-jet-listing-grid\" data-id=\"06fe33f\" data-element_type=\"widget\" data-e-type=\"widget\" data-settings=\"{&quot;columns&quot;:&quot;3&quot;,&quot;columns_tablet&quot;:&quot;2&quot;,&quot;columns_mobile&quot;:&quot;1&quot;}\" data-widget_type=\"jet-listing-grid.default\">\n\t\t\t\t<div class=\"elementor-widget-container\">\n\t\t\t\t\t<div class=\"jet-listing-grid jet-listing-grid--lazy-load jet-listing jet-listing-grid-loading\" data-lazy-load=\"{&quot;offset&quot;:&quot;0px&quot;,&quot;post_id&quot;:584,&quot;queried_id&quot;:&quot;584|WP_Post&quot;}\"><div class=\"jet-listing-grid__loader\"><div class=\"jet-listing-grid__loader-spinner\"><\/div><\/div><\/div>\t\t\t\t<\/div>\n\t\t\t\t<\/div>\n\t\t\t\t\t<\/div>\n\t\t\t\t<\/div>\n\t\t\t\t<\/div>","protected":false},"excerpt":{"rendered":"<p>Testimonios: Lo que dicen nuestros clientes sobre nosotros. Cada testimonio es una historia de \u00e9xito y satisfacci\u00f3n. Vea c\u00f3mo ayudamos a nuestros clientes a convertir sus sue\u00f1os en realidad.<\/p>","protected":false},"author":1,"featured_media":0,"parent":0,"menu_order":0,"comment_status":"closed","ping_status":"closed","template":"","meta":{"_acf_changed":false,"_joinchat":[],"footnotes":""},"class_list":["post-584","page","type-page","status-publish","hentry"],"acf":[],"yoast_head":"<!-- This site is optimized with the Yoast SEO plugin v23.2 - https:\/\/yoast.com\/wordpress\/plugins\/seo\/ -->\n<title>Depoimentos - Debora Masarin<\/title>\n<meta name=\"robots\" content=\"index, follow, max-snippet:-1, max-image-preview:large, max-video-preview:-1\" \/>\n<link rel=\"canonical\" href=\"https:\/\/deboramasarin.com\/es\/depoimentos\/\" \/>\n<meta property=\"og:locale\" content=\"es_ES\" \/>\n<meta property=\"og:type\" content=\"article\" \/>\n<meta property=\"og:title\" content=\"Depoimentos - Debora Masarin\" \/>\n<meta property=\"og:description\" content=\"Depoimentos O que nossos clientes dizem sobre n\u00f3s Cada depoimento \u00e9 uma hist\u00f3ria de sucesso e satisfa\u00e7\u00e3o. Veja como ajudamos nossos clientes a transformar seus sonhos em realidade.\" \/>\n<meta property=\"og:url\" content=\"https:\/\/deboramasarin.com\/es\/depoimentos\/\" \/>\n<meta property=\"og:site_name\" content=\"Debora Masarin\" \/>\n<meta property=\"article:modified_time\" content=\"2024-07-30T21:56:59+00:00\" \/>\n<meta name=\"twitter:card\" content=\"summary_large_image\" \/>\n<script type=\"application\/ld+json\" class=\"yoast-schema-graph\">{\"@context\":\"https:\/\/schema.org\",\"@graph\":[{\"@type\":\"WebPage\",\"@id\":\"https:\/\/deboramasarin.com\/depoimentos\/\",\"url\":\"https:\/\/deboramasarin.com\/depoimentos\/\",\"name\":\"Depoimentos - Debora Masarin\",\"isPartOf\":{\"@id\":\"https:\/\/deboramasarin.com\/#website\"},\"datePublished\":\"2024-07-30T19:46:03+00:00\",\"dateModified\":\"2024-07-30T21:56:59+00:00\",\"breadcrumb\":{\"@id\":\"https:\/\/deboramasarin.com\/depoimentos\/#breadcrumb\"},\"inLanguage\":\"es\",\"potentialAction\":[{\"@type\":\"ReadAction\",\"target\":[\"https:\/\/deboramasarin.com\/depoimentos\/\"]}]},{\"@type\":\"BreadcrumbList\",\"@id\":\"https:\/\/deboramasarin.com\/depoimentos\/#breadcrumb\",\"itemListElement\":[{\"@type\":\"ListItem\",\"position\":1,\"name\":\"In\u00edcio\",\"item\":\"https:\/\/deboramasarin.com\/\"},{\"@type\":\"ListItem\",\"position\":2,\"name\":\"Depoimentos\"}]},{\"@type\":\"WebSite\",\"@id\":\"https:\/\/deboramasarin.com\/#website\",\"url\":\"https:\/\/deboramasarin.com\/\",\"name\":\"Debora Masarin\",\"description\":\"O Im\u00f3vel ideal para voc\u00ea!\",\"publisher\":{\"@id\":\"https:\/\/deboramasarin.com\/#organization\"},\"potentialAction\":[{\"@type\":\"SearchAction\",\"target\":{\"@type\":\"EntryPoint\",\"urlTemplate\":\"https:\/\/deboramasarin.com\/?s={search_term_string}\"},\"query-input\":\"required name=search_term_string\"}],\"inLanguage\":\"es\"},{\"@type\":\"Organization\",\"@id\":\"https:\/\/deboramasarin.com\/#organization\",\"name\":\"Debora Masarin\",\"url\":\"https:\/\/deboramasarin.com\/\",\"logo\":{\"@type\":\"ImageObject\",\"inLanguage\":\"es\",\"@id\":\"https:\/\/deboramasarin.com\/#\/schema\/logo\/image\/\",\"url\":\"https:\/\/deboramasarin.com\/wp-content\/uploads\/2023\/05\/bfe1bd5a579a96e6d13c8d6b3630093d.png\",\"contentUrl\":\"https:\/\/deboramasarin.com\/wp-content\/uploads\/2023\/05\/bfe1bd5a579a96e6d13c8d6b3630093d.png\",\"width\":685,\"height\":516,\"caption\":\"Debora Masarin\"},\"image\":{\"@id\":\"https:\/\/deboramasarin.com\/#\/schema\/logo\/image\/\"}}]}<\/script>\n<!-- \/ Yoast SEO plugin. -->","yoast_head_json":{"title":"Depoimentos - Debora Masarin","robots":{"index":"index","follow":"follow","max-snippet":"max-snippet:-1","max-image-preview":"max-image-preview:large","max-video-preview":"max-video-preview:-1"},"canonical":"https:\/\/deboramasarin.com\/es\/depoimentos\/","og_locale":"es_ES","og_type":"article","og_title":"Depoimentos - Debora Masarin","og_description":"Depoimentos O que nossos clientes dizem sobre n\u00f3s Cada depoimento \u00e9 uma hist\u00f3ria de sucesso e satisfa\u00e7\u00e3o. Veja como ajudamos nossos clientes a transformar seus sonhos em realidade.","og_url":"https:\/\/deboramasarin.com\/es\/depoimentos\/","og_site_name":"Debora Masarin","article_modified_time":"2024-07-30T21:56:59+00:00","twitter_card":"summary_large_image","schema":{"@context":"https:\/\/schema.org","@graph":[{"@type":"WebPage","@id":"https:\/\/deboramasarin.com\/depoimentos\/","url":"https:\/\/deboramasarin.com\/depoimentos\/","name":"Depoimentos - Debora Masarin","isPartOf":{"@id":"https:\/\/deboramasarin.com\/#website"},"datePublished":"2024-07-30T19:46:03+00:00","dateModified":"2024-07-30T21:56:59+00:00","breadcrumb":{"@id":"https:\/\/deboramasarin.com\/depoimentos\/#breadcrumb"},"inLanguage":"es","potentialAction":[{"@type":"ReadAction","target":["https:\/\/deboramasarin.com\/depoimentos\/"]}]},{"@type":"BreadcrumbList","@id":"https:\/\/deboramasarin.com\/depoimentos\/#breadcrumb","itemListElement":[{"@type":"ListItem","position":1,"name":"In\u00edcio","item":"https:\/\/deboramasarin.com\/"},{"@type":"ListItem","position":2,"name":"Depoimentos"}]},{"@type":"WebSite","@id":"https:\/\/deboramasarin.com\/#website","url":"https:\/\/deboramasarin.com\/","name":"Debora Masarin","description":"O Im\u00f3vel ideal para voc\u00ea!","publisher":{"@id":"https:\/\/deboramasarin.com\/#organization"},"potentialAction":[{"@type":"SearchAction","target":{"@type":"EntryPoint","urlTemplate":"https:\/\/deboramasarin.com\/?s={search_term_string}"},"query-input":"required name=search_term_string"}],"inLanguage":"es"},{"@type":"Organization","@id":"https:\/\/deboramasarin.com\/#organization","name":"Debora Masarin","url":"https:\/\/deboramasarin.com\/","logo":{"@type":"ImageObject","inLanguage":"es","@id":"https:\/\/deboramasarin.com\/#\/schema\/logo\/image\/","url":"https:\/\/deboramasarin.com\/wp-content\/uploads\/2023\/05\/bfe1bd5a579a96e6d13c8d6b3630093d.png","contentUrl":"https:\/\/deboramasarin.com\/wp-content\/uploads\/2023\/05\/bfe1bd5a579a96e6d13c8d6b3630093d.png","width":685,"height":516,"caption":"Debora Masarin"},"image":{"@id":"https:\/\/deboramasarin.com\/#\/schema\/logo\/image\/"}}]}},"_links":{"self":[{"href":"https:\/\/deboramasarin.com\/es\/wp-json\/wp\/v2\/pages\/584"}],"collection":[{"href":"https:\/\/deboramasarin.com\/es\/wp-json\/wp\/v2\/pages"}],"about":[{"href":"https:\/\/deboramasarin.com\/es\/wp-json\/wp\/v2\/types\/page"}],"author":[{"embeddable":true,"href":"https:\/\/deboramasarin.com\/es\/wp-json\/wp\/v2\/users\/1"}],"replies":[{"embeddable":true,"href":"https:\/\/deboramasarin.com\/es\/wp-json\/wp\/v2\/comments?post=584"}],"version-history":[{"count":10,"href":"https:\/\/deboramasarin.com\/es\/wp-json\/wp\/v2\/pages\/584\/revisions"}],"predecessor-version":[{"id":755,"href":"https:\/\/deboramasarin.com\/es\/wp-json\/wp\/v2\/pages\/584\/revisions\/755"}],"wp:attachment":[{"href":"https:\/\/deboramasarin.com\/es\/wp-json\/wp\/v2\/media?parent=584"}],"curies":[{"name":"wp","href":"https:\/\/api.w.org\/{rel}","templated":true}]}}